{"id":395,"date":"2024-11-27T10:28:10","date_gmt":"2024-11-27T10:28:10","guid":{"rendered":"https:\/\/umi-europe.com\/?page_id=395"},"modified":"2025-01-14T17:56:16","modified_gmt":"2025-01-14T17:56:16","slug":"logistics-warehousing","status":"publish","type":"page","link":"https:\/\/umi-europe.com\/fr\/logistics-warehousing\/","title":{"rendered":"Logistique &amp; entreposage"},"content":{"rendered":"<div data-elementor-type=\"wp-page\" data-elementor-id=\"395\" class=\"elementor elementor-395\" data-elementor-post-type=\"page\">\n\t\t\t\t<div class=\"elementor-element elementor-element-4bfaa04c e-flex e-con-boxed e-con e-parent\" data-id=\"4bfaa04c\" data-element_type=\"container\" data-e-type=\"container\" data-settings=\"{&quot;background_background&quot;:&quot;classic&quot;}\">\n\t\t\t\t\t<div class=\"e-con-inner\">\n\t\t<div class=\"elementor-element elementor-element-28475f4e e-con-full e-flex e-con e-child\" data-id=\"28475f4e\" data-element_type=\"container\" data-e-type=\"container\">\n\t\t\t\t<div class=\"elementor-element elementor-element-13ecb81d elementor-widget elementor-widget-text-editor\" data-id=\"13ecb81d\" data-element_type=\"widget\" data-e-type=\"widget\" data-widget_type=\"text-editor.default\">\n\t\t\t\t<div class=\"elementor-widget-container\">\n\t\t\t\t\t\t\t\t\t<p><a href=\"#\">Accueil<\/a> \/ Services<\/p><div id=\"ConnectiveDocSignExtentionInstalled\" data-extension-version=\"1.0.4\">\u00a0<\/div>\t\t\t\t\t\t\t\t<\/div>\n\t\t\t\t<\/div>\n\t\t\t\t<\/div>\n\t\t\t\t\t<\/div>\n\t\t\t\t<\/div>\n\t\t<div class=\"elementor-element elementor-element-58de65b e-flex e-con-boxed e-con e-parent\" data-id=\"58de65b\" data-element_type=\"container\" data-e-type=\"container\">\n\t\t\t\t\t<div class=\"e-con-inner\">\n\t\t<div class=\"elementor-element elementor-element-55a5bf3 e-con-full e-flex e-con e-child\" data-id=\"55a5bf3\" data-element_type=\"container\" data-e-type=\"container\">\n\t\t\t\t<div class=\"elementor-element elementor-element-3cf8a0b elementor-widget__width-initial elementor-widget-tablet__width-inherit animated-slow elementor-invisible elementor-widget elementor-widget-heading\" data-id=\"3cf8a0b\" data-element_type=\"widget\" data-e-type=\"widget\" data-settings=\"{&quot;_animation&quot;:&quot;fadeInLeft&quot;}\" data-widget_type=\"heading.default\">\n\t\t\t\t<div class=\"elementor-widget-container\">\n\t\t\t\t\t<h3 class=\"elementor-heading-title elementor-size-default\">Logistique efficient : Livrer la fiabilit\u00e9 \u00e0 temps<\/h3>\t\t\t\t<\/div>\n\t\t\t\t<\/div>\n\t\t\t\t<div class=\"elementor-element elementor-element-0a4c637 elementor-widget elementor-widget-heading\" data-id=\"0a4c637\" data-element_type=\"widget\" data-e-type=\"widget\" data-widget_type=\"heading.default\">\n\t\t\t\t<div class=\"elementor-widget-container\">\n\t\t\t\t\t<h2 class=\"elementor-heading-title elementor-size-default\">1. R\u00e9seau de distribution mondial<\/h2>\t\t\t\t<\/div>\n\t\t\t\t<\/div>\n\t\t\t\t<div class=\"elementor-element elementor-element-e649957 elementor-widget__width-inherit elementor-widget elementor-widget-text-editor\" data-id=\"e649957\" data-element_type=\"widget\" data-e-type=\"widget\" data-widget_type=\"text-editor.default\">\n\t\t\t\t<div class=\"elementor-widget-container\">\n\t\t\t\t\t\t\t\t\t<p>Notre r\u00e9seau mondial bien coordonn\u00e9 garantit des livraisons ponctuelles, quel que soit l'endroit o\u00f9 se trouvent nos clients. Nous collaborons avec des transporteurs de confiance pour offrir des exp\u00e9ditions rapides et rentables.<\/p>\n<div data-extension-version=\"1.0.4\">&nbsp;<\/div>\t\t\t\t\t\t\t\t<\/div>\n\t\t\t\t<\/div>\n\t\t\t\t<div class=\"elementor-element elementor-element-041cb7e elementor-widget elementor-widget-heading\" data-id=\"041cb7e\" data-element_type=\"widget\" data-e-type=\"widget\" data-widget_type=\"heading.default\">\n\t\t\t\t<div class=\"elementor-widget-container\">\n\t\t\t\t\t<h2 class=\"elementor-heading-title elementor-size-default\">2. Suivi en temps r\u00e9el &amp; transparence<\/h2>\t\t\t\t<\/div>\n\t\t\t\t<\/div>\n\t\t\t\t<div class=\"elementor-element elementor-element-24b478a elementor-widget__width-inherit elementor-widget elementor-widget-text-editor\" data-id=\"24b478a\" data-element_type=\"widget\" data-e-type=\"widget\" data-widget_type=\"text-editor.default\">\n\t\t\t\t<div class=\"elementor-widget-container\">\n\t\t\t\t\t\t\t\t\t<p>Gr\u00e2ce \u00e0 des syst\u00e8mes de suivi avanc\u00e9s, nous avons une visibilit\u00e9 compl\u00e8te sur les exp\u00e9ditions, garantissant des informations transparentes \u00e0 chaque \u00e9tape du processus.<\/p><div id=\"ConnectiveDocSignExtentionInstalled\" data-extension-version=\"1.0.4\">\u00a0<\/div>\t\t\t\t\t\t\t\t<\/div>\n\t\t\t\t<\/div>\n\t\t\t\t<div class=\"elementor-element elementor-element-8b2488c elementor-widget elementor-widget-heading\" data-id=\"8b2488c\" data-element_type=\"widget\" data-e-type=\"widget\" data-widget_type=\"heading.default\">\n\t\t\t\t<div class=\"elementor-widget-container\">\n\t\t\t\t\t<h2 class=\"elementor-heading-title elementor-size-default\">3. Expertise douani\u00e8re &amp; conformit\u00e9<\/h2>\t\t\t\t<\/div>\n\t\t\t\t<\/div>\n\t\t\t\t<div class=\"elementor-element elementor-element-61a66ca elementor-widget elementor-widget-text-editor\" data-id=\"61a66ca\" data-element_type=\"widget\" data-e-type=\"widget\" data-widget_type=\"text-editor.default\">\n\t\t\t\t<div class=\"elementor-widget-container\">\n\t\t\t\t\t\t\t\t\t<p>Notre partenaire logistique est bien inform\u00e9 des r\u00e9glementations internationales en mati\u00e8re d'exp\u00e9dition, minimisant les retards et assurant des transactions transfrontali\u00e8res fluides.<\/p><div id=\"ConnectiveDocSignExtentionInstalled\" data-extension-version=\"1.0.4\">\u00a0<\/div>\t\t\t\t\t\t\t\t<\/div>\n\t\t\t\t<\/div>\n\t\t\t\t<\/div>\n\t\t<div class=\"elementor-element elementor-element-52ccc54 e-con-full e-flex e-con e-child\" data-id=\"52ccc54\" data-element_type=\"container\" data-e-type=\"container\">\n\t\t\t\t<div class=\"elementor-element elementor-element-3886131 elementor-widget elementor-widget-image\" data-id=\"3886131\" data-element_type=\"widget\" data-e-type=\"widget\" data-widget_type=\"image.default\">\n\t\t\t\t<div class=\"elementor-widget-container\">\n\t\t\t\t\t\t\t\t\t\t\t\t\t\t\t<img fetchpriority=\"high\" decoding=\"async\" width=\"800\" height=\"523\" src=\"https:\/\/umi-europe.com\/wp-content\/uploads\/2024\/12\/aerial-view-of-logistic-center-1024x670.jpg\" class=\"attachment-large size-large wp-image-939\" alt=\"Aerial view of logistic center\" srcset=\"https:\/\/umi-europe.com\/wp-content\/uploads\/2024\/12\/aerial-view-of-logistic-center-1024x670.jpg 1024w, https:\/\/umi-europe.com\/wp-content\/uploads\/2024\/12\/aerial-view-of-logistic-center-300x196.jpg 300w, https:\/\/umi-europe.com\/wp-content\/uploads\/2024\/12\/aerial-view-of-logistic-center-768x503.jpg 768w, https:\/\/umi-europe.com\/wp-content\/uploads\/2024\/12\/aerial-view-of-logistic-center-1536x1005.jpg 1536w, https:\/\/umi-europe.com\/wp-content\/uploads\/2024\/12\/aerial-view-of-logistic-center.jpg 2000w\" sizes=\"(max-width: 800px) 100vw, 800px\" \/>\t\t\t\t\t\t\t\t\t\t\t\t\t\t\t<\/div>\n\t\t\t\t<\/div>\n\t\t\t\t<\/div>\n\t\t\t\t\t<\/div>\n\t\t\t\t<\/div>\n\t\t<div class=\"elementor-element elementor-element-94a5659 e-flex e-con-boxed e-con e-parent\" data-id=\"94a5659\" data-element_type=\"container\" data-e-type=\"container\">\n\t\t\t\t\t<div class=\"e-con-inner\">\n\t\t<div class=\"elementor-element elementor-element-608d72b e-con-full e-flex e-con e-child\" data-id=\"608d72b\" data-element_type=\"container\" data-e-type=\"container\">\n\t\t\t\t<div class=\"elementor-element elementor-element-fae84ae elementor-widget elementor-widget-image\" data-id=\"fae84ae\" data-element_type=\"widget\" data-e-type=\"widget\" data-widget_type=\"image.default\">\n\t\t\t\t<div class=\"elementor-widget-container\">\n\t\t\t\t\t\t\t\t\t\t\t\t\t\t\t<img decoding=\"async\" width=\"800\" height=\"598\" src=\"https:\/\/umi-europe.com\/wp-content\/uploads\/2024\/12\/top-view-of-warehouse-workers-in-warehouse-team-of-warehouse-workers-preparing-products-for-1024x766.jpg\" class=\"attachment-large size-large wp-image-935\" alt=\"Top view of warehouse workers in warehouse. Team of warehouse workers preparing products for\" srcset=\"https:\/\/umi-europe.com\/wp-content\/uploads\/2024\/12\/top-view-of-warehouse-workers-in-warehouse-team-of-warehouse-workers-preparing-products-for-1024x766.jpg 1024w, https:\/\/umi-europe.com\/wp-content\/uploads\/2024\/12\/top-view-of-warehouse-workers-in-warehouse-team-of-warehouse-workers-preparing-products-for-300x225.jpg 300w, https:\/\/umi-europe.com\/wp-content\/uploads\/2024\/12\/top-view-of-warehouse-workers-in-warehouse-team-of-warehouse-workers-preparing-products-for-768x575.jpg 768w, https:\/\/umi-europe.com\/wp-content\/uploads\/2024\/12\/top-view-of-warehouse-workers-in-warehouse-team-of-warehouse-workers-preparing-products-for-1536x1150.jpg 1536w, https:\/\/umi-europe.com\/wp-content\/uploads\/2024\/12\/top-view-of-warehouse-workers-in-warehouse-team-of-warehouse-workers-preparing-products-for.jpg 2000w\" sizes=\"(max-width: 800px) 100vw, 800px\" \/>\t\t\t\t\t\t\t\t\t\t\t\t\t\t\t<\/div>\n\t\t\t\t<\/div>\n\t\t\t\t<\/div>\n\t\t<div class=\"elementor-element elementor-element-bff149d e-con-full e-flex e-con e-child\" data-id=\"bff149d\" data-element_type=\"container\" data-e-type=\"container\">\n\t\t\t\t<div class=\"elementor-element elementor-element-e31d8c9 elementor-widget__width-initial elementor-widget-tablet__width-inherit animated-slow elementor-invisible elementor-widget elementor-widget-heading\" data-id=\"e31d8c9\" data-element_type=\"widget\" data-e-type=\"widget\" data-settings=\"{&quot;_animation&quot;:&quot;fadeInLeft&quot;}\" data-widget_type=\"heading.default\">\n\t\t\t\t<div class=\"elementor-widget-container\">\n\t\t\t\t\t<h3 class=\"elementor-heading-title elementor-size-default\">Entreposage avanc\u00e9 : S\u00e9curisation et gestion des stocks<\/h3>\t\t\t\t<\/div>\n\t\t\t\t<\/div>\n\t\t\t\t<div class=\"elementor-element elementor-element-5cfbf84 elementor-widget elementor-widget-heading\" data-id=\"5cfbf84\" data-element_type=\"widget\" data-e-type=\"widget\" data-widget_type=\"heading.default\">\n\t\t\t\t<div class=\"elementor-widget-container\">\n\t\t\t\t\t<h2 class=\"elementor-heading-title elementor-size-default\">1. Emplacements strat\u00e9giques<\/h2>\t\t\t\t<\/div>\n\t\t\t\t<\/div>\n\t\t\t\t<div class=\"elementor-element elementor-element-7916ac6 elementor-widget elementor-widget-text-editor\" data-id=\"7916ac6\" data-element_type=\"widget\" data-e-type=\"widget\" data-widget_type=\"text-editor.default\">\n\t\t\t\t<div class=\"elementor-widget-container\">\n\t\t\t\t\t\t\t\t\t<p>Les entrep\u00f4ts sont strat\u00e9giquement situ\u00e9s pour r\u00e9duire les d\u00e9lais de livraison et r\u00e9pondre rapidement aux demandes des clients, optimisant ainsi la cha\u00eene d'approvisionnement.<\/p><div id=\"ConnectiveDocSignExtentionInstalled\" data-extension-version=\"1.0.4\">\u00a0<\/div>\t\t\t\t\t\t\t\t<\/div>\n\t\t\t\t<\/div>\n\t\t\t\t<div class=\"elementor-element elementor-element-7296902 elementor-widget elementor-widget-heading\" data-id=\"7296902\" data-element_type=\"widget\" data-e-type=\"widget\" data-widget_type=\"heading.default\">\n\t\t\t\t<div class=\"elementor-widget-container\">\n\t\t\t\t\t<h2 class=\"elementor-heading-title elementor-size-default\">2. Syst\u00e8mes de gestion des stocks<\/h2>\t\t\t\t<\/div>\n\t\t\t\t<\/div>\n\t\t\t\t<div class=\"elementor-element elementor-element-5fe9e2f elementor-widget elementor-widget-text-editor\" data-id=\"5fe9e2f\" data-element_type=\"widget\" data-e-type=\"widget\" data-widget_type=\"text-editor.default\">\n\t\t\t\t<div class=\"elementor-widget-container\">\n\t\t\t\t\t\t\t\t\t<p>Notre syst\u00e8me de gestion d'entrep\u00f4t de pointe (WMS) garantit un contr\u00f4le pr\u00e9cis des stocks, r\u00e9duisant les ruptures de stock et permettant un traitement efficace des commandes.<\/p><div id=\"ConnectiveDocSignExtentionInstalled\" data-extension-version=\"1.0.4\">\u00a0<\/div>\t\t\t\t\t\t\t\t<\/div>\n\t\t\t\t<\/div>\n\t\t\t\t<div class=\"elementor-element elementor-element-8abb41c elementor-widget elementor-widget-heading\" data-id=\"8abb41c\" data-element_type=\"widget\" data-e-type=\"widget\" data-widget_type=\"heading.default\">\n\t\t\t\t<div class=\"elementor-widget-container\">\n\t\t\t\t\t<h2 class=\"elementor-heading-title elementor-size-default\">3. Facilit\u00e9s climatis\u00e9es &amp; s\u00e9curis\u00e9es<\/h2>\t\t\t\t<\/div>\n\t\t\t\t<\/div>\n\t\t\t\t<div class=\"elementor-element elementor-element-c850cf9 elementor-widget elementor-widget-text-editor\" data-id=\"c850cf9\" data-element_type=\"widget\" data-e-type=\"widget\" data-widget_type=\"text-editor.default\">\n\t\t\t\t<div class=\"elementor-widget-container\">\n\t\t\t\t\t\t\t\t\t<p>Les produits sont stock\u00e9s dans des environnements s\u00e9curis\u00e9s pour pr\u00e9server leur qualit\u00e9, notamment pour les articles sensibles ou de grande valeur (conforme aux normes ADR).<\/p><div id=\"ConnectiveDocSignExtentionInstalled\" data-extension-version=\"1.0.4\">\u00a0<\/div>\t\t\t\t\t\t\t\t<\/div>\n\t\t\t\t<\/div>\n\t\t\t\t<\/div>\n\t\t\t\t\t<\/div>\n\t\t\t\t<\/div>\n\t\t\t\t<\/div>","protected":false},"excerpt":{"rendered":"<p>Home \/ Services \u00a0 Efficient Logistics: Delivering Reliability on Time 1. Global Distribution Network Our well-coordinated global network ensures timely delivery, no matter where our clients are located. We partner with trusted carriers to provide fast and cost-effective shippng. &nbsp; 2. Real-Time Tracking &amp; Transparency With advanced tracking systems, we have complete visibility on shipments, [&hellip;]<\/p>\n","protected":false},"author":2,"featured_media":0,"parent":0,"menu_order":0,"comment_status":"closed","ping_status":"closed","template":"","meta":{"footnotes":""},"class_list":["post-395","page","type-page","status-publish","hentry"],"_links":{"self":[{"href":"https:\/\/umi-europe.com\/fr\/wp-json\/wp\/v2\/pages\/395","targetHints":{"allow":["GET"]}}],"collection":[{"href":"https:\/\/umi-europe.com\/fr\/wp-json\/wp\/v2\/pages"}],"about":[{"href":"https:\/\/umi-europe.com\/fr\/wp-json\/wp\/v2\/types\/page"}],"author":[{"embeddable":true,"href":"https:\/\/umi-europe.com\/fr\/wp-json\/wp\/v2\/users\/2"}],"replies":[{"embeddable":true,"href":"https:\/\/umi-europe.com\/fr\/wp-json\/wp\/v2\/comments?post=395"}],"version-history":[{"count":85,"href":"https:\/\/umi-europe.com\/fr\/wp-json\/wp\/v2\/pages\/395\/revisions"}],"predecessor-version":[{"id":1296,"href":"https:\/\/umi-europe.com\/fr\/wp-json\/wp\/v2\/pages\/395\/revisions\/1296"}],"wp:attachment":[{"href":"https:\/\/umi-europe.com\/fr\/wp-json\/wp\/v2\/media?parent=395"}],"curies":[{"name":"wp","href":"https:\/\/api.w.org\/{rel}","templated":true}]}}