{"id":1443,"date":"2025-04-04T10:21:25","date_gmt":"2025-04-04T10:21:25","guid":{"rendered":"https:\/\/umi-europe.com\/?page_id=1443"},"modified":"2025-04-04T10:27:13","modified_gmt":"2025-04-04T10:27:13","slug":"disclaimer","status":"publish","type":"page","link":"https:\/\/umi-europe.com\/fr\/disclaimer\/","title":{"rendered":"Avertissement"},"content":{"rendered":"<div data-elementor-type=\"wp-page\" data-elementor-id=\"1443\" class=\"elementor elementor-1443\" data-elementor-post-type=\"page\">\n\t\t\t\t<div class=\"elementor-element elementor-element-4bfaa04c e-flex e-con-boxed e-con e-parent\" data-id=\"4bfaa04c\" data-element_type=\"container\" data-e-type=\"container\" data-settings=\"{&quot;background_background&quot;:&quot;classic&quot;}\">\n\t\t\t\t\t<div class=\"e-con-inner\">\n\t\t<div class=\"elementor-element elementor-element-28475f4e e-con-full e-flex e-con e-child\" data-id=\"28475f4e\" data-element_type=\"container\" data-e-type=\"container\">\n\t\t\t\t<div class=\"elementor-element elementor-element-20588cb3 elementor-widget elementor-widget-heading\" data-id=\"20588cb3\" data-element_type=\"widget\" data-e-type=\"widget\" data-widget_type=\"heading.default\">\n\t\t\t\t<div class=\"elementor-widget-container\">\n\t\t\t\t\t<h1 class=\"elementor-heading-title elementor-size-default\">AVERTISSEMENT<\/h1>\t\t\t\t<\/div>\n\t\t\t\t<\/div>\n\t\t\t\t<\/div>\n\t\t\t\t\t<\/div>\n\t\t\t\t<\/div>\n\t\t<div class=\"elementor-element elementor-element-dde6db4 e-flex e-con-boxed e-con e-parent\" data-id=\"dde6db4\" data-element_type=\"container\" data-e-type=\"container\">\n\t\t\t\t\t<div class=\"e-con-inner\">\n\t\t\t\t<div class=\"elementor-element elementor-element-6a41492 elementor-widget elementor-widget-heading\" data-id=\"6a41492\" data-element_type=\"widget\" data-e-type=\"widget\" data-widget_type=\"heading.default\">\n\t\t\t\t<div class=\"elementor-widget-container\">\n\t\t\t\t\t<h4 class=\"elementor-heading-title elementor-size-default\"><p><span lang=\"EN-US\">INFORMATIONS IMPORTANTES CONCERNANT L'UTILISATION DE NOTRE SITE WEB<\/span><\/p><\/h4>\t\t\t\t<\/div>\n\t\t\t\t<\/div>\n\t\t\t\t\t<\/div>\n\t\t\t\t<\/div>\n\t\t<div class=\"elementor-element elementor-element-ea033d8 e-flex e-con-boxed e-con e-parent\" data-id=\"ea033d8\" data-element_type=\"container\" data-e-type=\"container\">\n\t\t\t\t\t<div class=\"e-con-inner\">\n\t\t\t\t<div class=\"elementor-element elementor-element-0fb9871 elementor-widget elementor-widget-text-editor\" data-id=\"0fb9871\" data-element_type=\"widget\" data-e-type=\"widget\" data-widget_type=\"text-editor.default\">\n\t\t\t\t<div class=\"elementor-widget-container\">\n\t\t\t\t\t\t\t\t\t<p class=\"UMIStandard\"><span lang=\"EN-US\">Nous avons cr\u00e9\u00e9 ce site web pour vous fournir des informations utiles sur nos produits et services. Nous faisons de notre mieux pour nous assurer que tout est exact et \u00e0 jour, mais les informations peuvent changer. Par cons\u00e9quent, nous ne pouvons donner aucune garantie quant \u00e0 l'exhaustivit\u00e9, l'exactitude, la fiabilit\u00e9, l'ad\u00e9quation ou la disponibilit\u00e9 du site web ou des informations, produits, services ou graphiques connexes. Vous utilisez les informations de ce site web \u00e0 vos propres risques.&nbsp; <o:p><\/o:p><\/span><\/p><p class=\"UMIStandard\"><span lang=\"EN-US\">Tout le contenu de ce site web, \u00e0 l'exception des liens vers des sites externes, est la propri\u00e9t\u00e9 de UMI Europe nv.<o:p><\/o:p><\/span><\/p><p class=\"UMIStandard\"><span lang=\"EN-US\">Nous ne sommes pas responsables des pertes ou dommages, y compris les pertes ou dommages indirects ou cons\u00e9cutifs, r\u00e9sultant de l'utilisation de ce site web ou de son contenu. Cela inclut la perte de donn\u00e9es ou de profits.<o:p><\/o:p><\/span><\/p><p class=\"UMIStandard\"><span lang=\"EN-US\">Ce site web peut contenir des liens vers des sites web de tiers. Nous ne contr\u00f4lons pas ces sites web et ne sommes pas responsables de leur contenu ou de leur disponibilit\u00e9. Les liens vers ces sites n'impliquent aucune approbation de la part de UMI Europe nv.<o:p><\/o:p><\/span><\/p><p class=\"UMIStandard\"><span lang=\"EN-US\">Tous les droits de propri\u00e9t\u00e9 intellectuelle, tels que le logo UMI Europe nv, le nom de marque et le contenu du site web, sont la propri\u00e9t\u00e9 de UMI Europe nv ou des parties qui nous ont donn\u00e9 la permission de le faire. Le contenu de ce site web ne peut pas \u00eatre copi\u00e9, distribu\u00e9 ou stock\u00e9 sans notre autorisation \u00e9crite pr\u00e9alable.<o:p><\/o:p><\/span><\/p><p class=\"UMIStandard\"><span lang=\"EN-US\">Nous nous effor\u00e7ons de maintenir le site web en bon \u00e9tat de fonctionnement. Cependant, nous ne sommes pas responsables de toute indisponibilit\u00e9 temporaire due \u00e0 des probl\u00e8mes techniques ind\u00e9pendants de notre volont\u00e9.<o:p><\/o:p><\/span><\/p><p class=\"UMIStandard\"><span lang=\"EN-US\">Nous mettons r\u00e9guli\u00e8rement \u00e0 jour ce site web. Les informations sur les produits, les codes de couleur, la disponibilit\u00e9 et d'autres d\u00e9tails sont sujets \u00e0 modification sans pr\u00e9avis. Les images des produits peuvent ne pas repr\u00e9senter parfaitement les articles r\u00e9els. Pour les informations les plus r\u00e9centes et les \u00e9chantillons de produits, veuillez contacter notre \u00e9quipe de vente. Toutes les ventes sont soumises aux conditions g\u00e9n\u00e9rales de vente standard de UMI Europe nv, qui sont disponibles sur demande. Le pr\u00e9sent avertissement fait partie de ces conditions. <o:p><\/o:p><\/span><\/p><p class=\"UMIStandard\"><span lang=\"EN-US\">Ces informations sont distinctes de nos Conditions g\u00e9n\u00e9rales et de notre D\u00e9claration de confidentialit\u00e9. Nous pouvons modifier ce texte \u00e0 tout moment.<o:p><\/o:p><\/span><\/p><p class=\"UMIStandard\"><i>&nbsp;<\/i><\/p><p>\n\n\n\n\n\n\n\n\n\n\n\n\n\n\n\n\n\n<\/p><p class=\"UMIStandard\"><i>Date de derni\u00e8re mise \u00e0 jour : 17 f\u00e9vrier 2025\u2003<o:p><\/o:p><\/i><\/p>\t\t\t\t\t\t\t\t<\/div>\n\t\t\t\t<\/div>\n\t\t\t\t\t<\/div>\n\t\t\t\t<\/div>\n\t\t\t\t<\/div>","protected":false},"excerpt":{"rendered":"<p>DISCLAIMER Important information about the use of our website We&#8217;ve created this website to provide you with helpful information about our products and services. We do our best to ensure everything is accurate and up-to-date, but information can change. Therefore, we can&#8217;t make any guarantees about the completeness, accuracy, reliability, suitability, or availability of the [&hellip;]<\/p>\n","protected":false},"author":3,"featured_media":0,"parent":0,"menu_order":0,"comment_status":"closed","ping_status":"closed","template":"","meta":{"footnotes":""},"class_list":["post-1443","page","type-page","status-publish","hentry"],"_links":{"self":[{"href":"https:\/\/umi-europe.com\/fr\/wp-json\/wp\/v2\/pages\/1443","targetHints":{"allow":["GET"]}}],"collection":[{"href":"https:\/\/umi-europe.com\/fr\/wp-json\/wp\/v2\/pages"}],"about":[{"href":"https:\/\/umi-europe.com\/fr\/wp-json\/wp\/v2\/types\/page"}],"author":[{"embeddable":true,"href":"https:\/\/umi-europe.com\/fr\/wp-json\/wp\/v2\/users\/3"}],"replies":[{"embeddable":true,"href":"https:\/\/umi-europe.com\/fr\/wp-json\/wp\/v2\/comments?post=1443"}],"version-history":[{"count":3,"href":"https:\/\/umi-europe.com\/fr\/wp-json\/wp\/v2\/pages\/1443\/revisions"}],"predecessor-version":[{"id":1446,"href":"https:\/\/umi-europe.com\/fr\/wp-json\/wp\/v2\/pages\/1443\/revisions\/1446"}],"wp:attachment":[{"href":"https:\/\/umi-europe.com\/fr\/wp-json\/wp\/v2\/media?parent=1443"}],"curies":[{"name":"wp","href":"https:\/\/api.w.org\/{rel}","templated":true}]}}