{"id":404,"date":"2024-11-27T10:42:06","date_gmt":"2024-11-27T10:42:06","guid":{"rendered":"https:\/\/umi-europe.com\/?page_id=404"},"modified":"2025-01-15T11:28:00","modified_gmt":"2025-01-15T11:28:00","slug":"quality-process-after-sales-service","status":"publish","type":"page","link":"https:\/\/umi-europe.com\/de\/quality-process-after-sales-service\/","title":{"rendered":"Qualit\u00e4tsprozess &amp; Kundendienst"},"content":{"rendered":"<div data-elementor-type=\"wp-page\" data-elementor-id=\"404\" class=\"elementor elementor-404\" data-elementor-post-type=\"page\">\n\t\t\t\t<div class=\"elementor-element elementor-element-4bfaa04c e-flex e-con-boxed e-con e-parent\" data-id=\"4bfaa04c\" data-element_type=\"container\" data-e-type=\"container\" data-settings=\"{&quot;background_background&quot;:&quot;classic&quot;}\">\n\t\t\t\t\t<div class=\"e-con-inner\">\n\t\t<div class=\"elementor-element elementor-element-28475f4e e-con-full e-flex e-con e-child\" data-id=\"28475f4e\" data-element_type=\"container\" data-e-type=\"container\">\n\t\t\t\t<div class=\"elementor-element elementor-element-20588cb3 elementor-widget elementor-widget-heading\" data-id=\"20588cb3\" data-element_type=\"widget\" data-e-type=\"widget\" data-widget_type=\"heading.default\">\n\t\t\t\t<div class=\"elementor-widget-container\">\n\t\t\t\t\t<h1 class=\"elementor-heading-title elementor-size-default\">QUALIT\u00c4TSPROZESS &amp; KUNDENDIENST<\/h1>\t\t\t\t<\/div>\n\t\t\t\t<\/div>\n\t\t\t\t<div class=\"elementor-element elementor-element-13ecb81d elementor-widget elementor-widget-text-editor\" data-id=\"13ecb81d\" data-element_type=\"widget\" data-e-type=\"widget\" data-widget_type=\"text-editor.default\">\n\t\t\t\t<div class=\"elementor-widget-container\">\n\t\t\t\t\t\t\t\t\t<p><a href=\"#\">Start<\/a> \/ Dienstleistungen<\/p>\t\t\t\t\t\t\t\t<\/div>\n\t\t\t\t<\/div>\n\t\t\t\t<\/div>\n\t\t\t\t\t<\/div>\n\t\t\t\t<\/div>\n\t\t<div class=\"elementor-element elementor-element-1e4c3d3 e-flex e-con-boxed e-con e-parent\" data-id=\"1e4c3d3\" data-element_type=\"container\" data-e-type=\"container\">\n\t\t\t\t\t<div class=\"e-con-inner\">\n\t\t<div class=\"elementor-element elementor-element-632fd52 e-con-full e-flex e-con e-child\" data-id=\"632fd52\" data-element_type=\"container\" data-e-type=\"container\">\n\t\t\t\t<div class=\"elementor-element elementor-element-eab5151 elementor-widget elementor-widget-heading\" data-id=\"eab5151\" data-element_type=\"widget\" data-e-type=\"widget\" data-widget_type=\"heading.default\">\n\t\t\t\t<div class=\"elementor-widget-container\">\n\t\t\t\t\t<h3 class=\"elementor-heading-title elementor-size-default\">Qualit\u00e4tsprozess: Exzellenz in jeder Phase sicherstellen<\/h3>\t\t\t\t<\/div>\n\t\t\t\t<\/div>\n\t\t\t\t<div class=\"elementor-element elementor-element-c7c1fd8 elementor-widget elementor-widget-heading\" data-id=\"c7c1fd8\" data-element_type=\"widget\" data-e-type=\"widget\" data-widget_type=\"heading.default\">\n\t\t\t\t<div class=\"elementor-widget-container\">\n\t\t\t\t\t<h2 class=\"elementor-heading-title elementor-size-default\">1. Strenge Qualit\u00e4tskontrolle<\/h2>\t\t\t\t<\/div>\n\t\t\t\t<\/div>\n\t\t\t\t<div class=\"elementor-element elementor-element-2669124 elementor-widget elementor-widget-text-editor\" data-id=\"2669124\" data-element_type=\"widget\" data-e-type=\"widget\" data-widget_type=\"text-editor.default\">\n\t\t\t\t<div class=\"elementor-widget-container\">\n\t\t\t\t\t\t\t\t\t<p>Jedes Produkt durchl\u00e4uft mehrstufige Qualit\u00e4tsinspektionen, von der Rohmaterialbeschaffung bis hin zur Endproduktion.<\/p><div id=\"ConnectiveDocSignExtentionInstalled\" data-extension-version=\"1.0.4\">\u00a0<\/div>\t\t\t\t\t\t\t\t<\/div>\n\t\t\t\t<\/div>\n\t\t\t\t<div class=\"elementor-element elementor-element-a96839b elementor-widget elementor-widget-heading\" data-id=\"a96839b\" data-element_type=\"widget\" data-e-type=\"widget\" data-widget_type=\"heading.default\">\n\t\t\t\t<div class=\"elementor-widget-container\">\n\t\t\t\t\t<h2 class=\"elementor-heading-title elementor-size-default\">2. Kontinuierliche Verbesserung<\/h2>\t\t\t\t<\/div>\n\t\t\t\t<\/div>\n\t\t\t\t<div class=\"elementor-element elementor-element-f39a18b elementor-widget elementor-widget-text-editor\" data-id=\"f39a18b\" data-element_type=\"widget\" data-e-type=\"widget\" data-widget_type=\"text-editor.default\">\n\t\t\t\t<div class=\"elementor-widget-container\">\n\t\t\t\t\t\t\t\t\t<p>Durch regelm\u00e4\u00dfige Audits und Feedback-Schleifen verbessern wir kontinuierlich unsere Prozesse, um hohe Qualit\u00e4t und Effizienz aufrechtzuerhalten.<\/p><div id=\"ConnectiveDocSignExtentionInstalled\" data-extension-version=\"1.0.4\">\u00a0<\/div>\t\t\t\t\t\t\t\t<\/div>\n\t\t\t\t<\/div>\n\t\t\t\t<div class=\"elementor-element elementor-element-e8919ec elementor-widget elementor-widget-heading\" data-id=\"e8919ec\" data-element_type=\"widget\" data-e-type=\"widget\" data-widget_type=\"heading.default\">\n\t\t\t\t<div class=\"elementor-widget-container\">\n\t\t\t\t\t<h2 class=\"elementor-heading-title elementor-size-default\">3. Konformit\u00e4tsbewertung<\/h2>\t\t\t\t<\/div>\n\t\t\t\t<\/div>\n\t\t\t\t<div class=\"elementor-element elementor-element-b9a8c16 elementor-widget elementor-widget-text-editor\" data-id=\"b9a8c16\" data-element_type=\"widget\" data-e-type=\"widget\" data-widget_type=\"text-editor.default\">\n\t\t\t\t<div class=\"elementor-widget-container\">\n\t\t\t\t\t\t\t\t\t<p>Alle Produkte werden gem\u00e4\u00df internationalen Standards (z. B. ISO, CE) hergestellt, um Sicherheit, Langlebigkeit und Zuverl\u00e4ssigkeit zu gew\u00e4hrleisten.<\/p><div id=\"ConnectiveDocSignExtentionInstalled\" data-extension-version=\"1.0.4\">\u00a0<\/div>\t\t\t\t\t\t\t\t<\/div>\n\t\t\t\t<\/div>\n\t\t\t\t<\/div>\n\t\t<div class=\"elementor-element elementor-element-b54a05f e-con-full e-flex e-con e-child\" data-id=\"b54a05f\" data-element_type=\"container\" data-e-type=\"container\">\n\t\t\t\t<div class=\"elementor-element elementor-element-fd3a1a0 elementor-widget elementor-widget-image\" data-id=\"fd3a1a0\" data-element_type=\"widget\" data-e-type=\"widget\" data-widget_type=\"image.default\">\n\t\t\t\t<div class=\"elementor-widget-container\">\n\t\t\t\t\t\t\t\t\t\t\t\t\t\t\t<img fetchpriority=\"high\" decoding=\"async\" width=\"700\" height=\"900\" src=\"https:\/\/umi-europe.com\/wp-content\/uploads\/2024\/11\/a-dynamic-team-meeting-with-an-engaging-presentati-EKNRNKF.jpg\" class=\"attachment-large size-large wp-image-99\" alt=\"\" srcset=\"https:\/\/umi-europe.com\/wp-content\/uploads\/2024\/11\/a-dynamic-team-meeting-with-an-engaging-presentati-EKNRNKF.jpg 700w, https:\/\/umi-europe.com\/wp-content\/uploads\/2024\/11\/a-dynamic-team-meeting-with-an-engaging-presentati-EKNRNKF-233x300.jpg 233w\" sizes=\"(max-width: 700px) 100vw, 700px\" \/>\t\t\t\t\t\t\t\t\t\t\t\t\t\t\t<\/div>\n\t\t\t\t<\/div>\n\t\t\t\t<\/div>\n\t\t\t\t\t<\/div>\n\t\t\t\t<\/div>\n\t\t<div class=\"elementor-element elementor-element-12d36b8 e-flex e-con-boxed e-con e-parent\" data-id=\"12d36b8\" data-element_type=\"container\" data-e-type=\"container\">\n\t\t\t\t\t<div class=\"e-con-inner\">\n\t\t<div class=\"elementor-element elementor-element-693ca57 e-con-full e-flex e-con e-child\" data-id=\"693ca57\" data-element_type=\"container\" data-e-type=\"container\">\n\t\t\t\t<div class=\"elementor-element elementor-element-2e4221f elementor-widget elementor-widget-image\" data-id=\"2e4221f\" data-element_type=\"widget\" data-e-type=\"widget\" data-widget_type=\"image.default\">\n\t\t\t\t<div class=\"elementor-widget-container\">\n\t\t\t\t\t\t\t\t\t\t\t\t\t\t\t<img decoding=\"async\" width=\"800\" height=\"533\" src=\"https:\/\/umi-europe.com\/wp-content\/uploads\/2024\/12\/female-caucasian-speaker-giving-presentation-in-hall-at-university-or-business-centre-workshop-1024x682.jpg\" class=\"attachment-large size-large wp-image-946\" alt=\"Female caucasian speaker giving presentation in hall at university or business centre workshop\" srcset=\"https:\/\/umi-europe.com\/wp-content\/uploads\/2024\/12\/female-caucasian-speaker-giving-presentation-in-hall-at-university-or-business-centre-workshop-1024x682.jpg 1024w, https:\/\/umi-europe.com\/wp-content\/uploads\/2024\/12\/female-caucasian-speaker-giving-presentation-in-hall-at-university-or-business-centre-workshop-300x200.jpg 300w, https:\/\/umi-europe.com\/wp-content\/uploads\/2024\/12\/female-caucasian-speaker-giving-presentation-in-hall-at-university-or-business-centre-workshop-768x512.jpg 768w, https:\/\/umi-europe.com\/wp-content\/uploads\/2024\/12\/female-caucasian-speaker-giving-presentation-in-hall-at-university-or-business-centre-workshop-1536x1024.jpg 1536w, https:\/\/umi-europe.com\/wp-content\/uploads\/2024\/12\/female-caucasian-speaker-giving-presentation-in-hall-at-university-or-business-centre-workshop.jpg 2000w\" sizes=\"(max-width: 800px) 100vw, 800px\" \/>\t\t\t\t\t\t\t\t\t\t\t\t\t\t\t<\/div>\n\t\t\t\t<\/div>\n\t\t\t\t<\/div>\n\t\t<div class=\"elementor-element elementor-element-cf31865 e-con-full e-flex e-con e-child\" data-id=\"cf31865\" data-element_type=\"container\" data-e-type=\"container\">\n\t\t\t\t<div class=\"elementor-element elementor-element-a2c4e56 elementor-widget elementor-widget-heading\" data-id=\"a2c4e56\" data-element_type=\"widget\" data-e-type=\"widget\" data-widget_type=\"heading.default\">\n\t\t\t\t<div class=\"elementor-widget-container\">\n\t\t\t\t\t<h3 class=\"elementor-heading-title elementor-size-default\">Kundendienst: Unterst\u00fctzung nach dem Kauf<\/h3>\t\t\t\t<\/div>\n\t\t\t\t<\/div>\n\t\t\t\t<div class=\"elementor-element elementor-element-e6881a7 elementor-widget elementor-widget-heading\" data-id=\"e6881a7\" data-element_type=\"widget\" data-e-type=\"widget\" data-widget_type=\"heading.default\">\n\t\t\t\t<div class=\"elementor-widget-container\">\n\t\t\t\t\t<h2 class=\"elementor-heading-title elementor-size-default\">1. Umfassende Garantie &amp; Unterst\u00fctzung<\/h2>\t\t\t\t<\/div>\n\t\t\t\t<\/div>\n\t\t\t\t<div class=\"elementor-element elementor-element-e3d7639 elementor-widget elementor-widget-text-editor\" data-id=\"e3d7639\" data-element_type=\"widget\" data-e-type=\"widget\" data-widget_type=\"text-editor.default\">\n\t\t\t\t<div class=\"elementor-widget-container\">\n\t\t\t\t\t\t\t\t\t<p>Wir bieten eine robuste Garantie und Kundenbetreuung f\u00fcr alle Produkte, um unser Engagement f\u00fcr Qualit\u00e4t zu st\u00e4rken.<\/p><div id=\"ConnectiveDocSignExtentionInstalled\" data-extension-version=\"1.0.4\">\u00a0<\/div>\t\t\t\t\t\t\t\t<\/div>\n\t\t\t\t<\/div>\n\t\t\t\t<div class=\"elementor-element elementor-element-fed73b7 elementor-widget elementor-widget-heading\" data-id=\"fed73b7\" data-element_type=\"widget\" data-e-type=\"widget\" data-widget_type=\"heading.default\">\n\t\t\t\t<div class=\"elementor-widget-container\">\n\t\t\t\t\t<h2 class=\"elementor-heading-title elementor-size-default\">2. Engagiertes Serviceteam<\/h2>\t\t\t\t<\/div>\n\t\t\t\t<\/div>\n\t\t\t\t<div class=\"elementor-element elementor-element-d21c5b3 elementor-widget elementor-widget-text-editor\" data-id=\"d21c5b3\" data-element_type=\"widget\" data-e-type=\"widget\" data-widget_type=\"text-editor.default\">\n\t\t\t\t<div class=\"elementor-widget-container\">\n\t\t\t\t\t\t\t\t\t<p>Unser qualifiziertes After-Sales-Team steht zur Verf\u00fcgung, um Anfragen zu beantworten, Probleme zu beheben und Wartungsservices anzubieten.<\/p><div id=\"ConnectiveDocSignExtentionInstalled\" data-extension-version=\"1.0.4\">\u00a0<\/div>\t\t\t\t\t\t\t\t<\/div>\n\t\t\t\t<\/div>\n\t\t\t\t<div class=\"elementor-element elementor-element-d4c0f62 elementor-widget elementor-widget-heading\" data-id=\"d4c0f62\" data-element_type=\"widget\" data-e-type=\"widget\" data-widget_type=\"heading.default\">\n\t\t\t\t<div class=\"elementor-widget-container\">\n\t\t\t\t\t<h2 class=\"elementor-heading-title elementor-size-default\">3. Feedback-basierte L\u00f6sungen<\/h2>\t\t\t\t<\/div>\n\t\t\t\t<\/div>\n\t\t\t\t<div class=\"elementor-element elementor-element-9bcfaf4 elementor-widget elementor-widget-text-editor\" data-id=\"9bcfaf4\" data-element_type=\"widget\" data-e-type=\"widget\" data-widget_type=\"text-editor.default\">\n\t\t\t\t<div class=\"elementor-widget-container\">\n\t\t\t\t\t\t\t\t\t<p>Kundenfeedback wird in unseren Prozess integriert, um zuk\u00fcnftige Designs zu verbessern und sicherzustellen, dass wir die Bed\u00fcrfnisse der Nutzer nicht nur erf\u00fcllen, sondern antizipieren und \u00fcbertreffen.<\/p><div id=\"ConnectiveDocSignExtentionInstalled\" data-extension-version=\"1.0.4\">\u00a0<\/div>\t\t\t\t\t\t\t\t<\/div>\n\t\t\t\t<\/div>\n\t\t\t\t<\/div>\n\t\t\t\t\t<\/div>\n\t\t\t\t<\/div>\n\t\t\t\t<\/div>","protected":false},"excerpt":{"rendered":"<p>Quality process &amp; After-sales service\u200b Home \/ Services Quality process: Ensuring excellence at every stage 1. Rigorous quality control Every product undergoes multi-stage quality inspections, from raw material sourcing to final production. \u00a0 2. Continuous improvement Through regular audits and feedback loops, we constantly enhance our processes to maintain high quality and efficiency. \u00a0 3. [&hellip;]<\/p>\n","protected":false},"author":2,"featured_media":0,"parent":0,"menu_order":0,"comment_status":"closed","ping_status":"closed","template":"","meta":{"footnotes":""},"class_list":["post-404","page","type-page","status-publish","hentry"],"_links":{"self":[{"href":"https:\/\/umi-europe.com\/de\/wp-json\/wp\/v2\/pages\/404","targetHints":{"allow":["GET"]}}],"collection":[{"href":"https:\/\/umi-europe.com\/de\/wp-json\/wp\/v2\/pages"}],"about":[{"href":"https:\/\/umi-europe.com\/de\/wp-json\/wp\/v2\/types\/page"}],"author":[{"embeddable":true,"href":"https:\/\/umi-europe.com\/de\/wp-json\/wp\/v2\/users\/2"}],"replies":[{"embeddable":true,"href":"https:\/\/umi-europe.com\/de\/wp-json\/wp\/v2\/comments?post=404"}],"version-history":[{"count":34,"href":"https:\/\/umi-europe.com\/de\/wp-json\/wp\/v2\/pages\/404\/revisions"}],"predecessor-version":[{"id":1302,"href":"https:\/\/umi-europe.com\/de\/wp-json\/wp\/v2\/pages\/404\/revisions\/1302"}],"wp:attachment":[{"href":"https:\/\/umi-europe.com\/de\/wp-json\/wp\/v2\/media?parent=404"}],"curies":[{"name":"wp","href":"https:\/\/api.w.org\/{rel}","templated":true}]}}