{"id":1443,"date":"2025-04-04T10:21:25","date_gmt":"2025-04-04T10:21:25","guid":{"rendered":"https:\/\/umi-europe.com\/?page_id=1443"},"modified":"2025-04-04T10:27:13","modified_gmt":"2025-04-04T10:27:13","slug":"disclaimer","status":"publish","type":"page","link":"https:\/\/umi-europe.com\/de\/disclaimer\/","title":{"rendered":"Disclaimer"},"content":{"rendered":"<div data-elementor-type=\"wp-page\" data-elementor-id=\"1443\" class=\"elementor elementor-1443\" data-elementor-post-type=\"page\">\n\t\t\t\t<div class=\"elementor-element elementor-element-4bfaa04c e-flex e-con-boxed e-con e-parent\" data-id=\"4bfaa04c\" data-element_type=\"container\" data-e-type=\"container\" data-settings=\"{&quot;background_background&quot;:&quot;classic&quot;}\">\n\t\t\t\t\t<div class=\"e-con-inner\">\n\t\t<div class=\"elementor-element elementor-element-28475f4e e-con-full e-flex e-con e-child\" data-id=\"28475f4e\" data-element_type=\"container\" data-e-type=\"container\">\n\t\t\t\t<div class=\"elementor-element elementor-element-20588cb3 elementor-widget elementor-widget-heading\" data-id=\"20588cb3\" data-element_type=\"widget\" data-e-type=\"widget\" data-widget_type=\"heading.default\">\n\t\t\t\t<div class=\"elementor-widget-container\">\n\t\t\t\t\t<h1 class=\"elementor-heading-title elementor-size-default\">DISCLAIMER<\/h1>\t\t\t\t<\/div>\n\t\t\t\t<\/div>\n\t\t\t\t<\/div>\n\t\t\t\t\t<\/div>\n\t\t\t\t<\/div>\n\t\t<div class=\"elementor-element elementor-element-dde6db4 e-flex e-con-boxed e-con e-parent\" data-id=\"dde6db4\" data-element_type=\"container\" data-e-type=\"container\">\n\t\t\t\t\t<div class=\"e-con-inner\">\n\t\t\t\t<div class=\"elementor-element elementor-element-6a41492 elementor-widget elementor-widget-heading\" data-id=\"6a41492\" data-element_type=\"widget\" data-e-type=\"widget\" data-widget_type=\"heading.default\">\n\t\t\t\t<div class=\"elementor-widget-container\">\n\t\t\t\t\t<h4 class=\"elementor-heading-title elementor-size-default\"><p><span lang=\"EN-US\">WICHTIGE INFORMATIONEN ZUR NUTZUNG UNSERER WEBSITE<\/span><\/p><\/h4>\t\t\t\t<\/div>\n\t\t\t\t<\/div>\n\t\t\t\t\t<\/div>\n\t\t\t\t<\/div>\n\t\t<div class=\"elementor-element elementor-element-ea033d8 e-flex e-con-boxed e-con e-parent\" data-id=\"ea033d8\" data-element_type=\"container\" data-e-type=\"container\">\n\t\t\t\t\t<div class=\"e-con-inner\">\n\t\t\t\t<div class=\"elementor-element elementor-element-0fb9871 elementor-widget elementor-widget-text-editor\" data-id=\"0fb9871\" data-element_type=\"widget\" data-e-type=\"widget\" data-widget_type=\"text-editor.default\">\n\t\t\t\t<div class=\"elementor-widget-container\">\n\t\t\t\t\t\t\t\t\t<p class=\"UMIStandard\"><span lang=\"EN-US\">Wir haben diese Website erstellt, um Ihnen hilfreiche Informationen \u00fcber unsere Produkte und Dienstleistungen bereitzustellen. Wir bem\u00fchen uns, sicherzustellen, dass alles korrekt und zeitgem\u00e4\u00df ist, aber Informationen k\u00f6nnen sich \u00e4ndern. Daher k\u00f6nnen wir keine Gew\u00e4hr f\u00fcr die Vollst\u00e4ndigkeit, Richtigkeit, Zuverl\u00e4ssigkeit, Eignung oder Verf\u00fcgbarkeit der Website oder der Informationen, Produkte, Dienstleistungen oder zugeh\u00f6rigen Grafiken \u00fcbernehmen. Die Nutzung der Informationen auf dieser Website erfolgt auf eigenes Risiko.&nbsp; <o:p><\/o:p><\/span><\/p><p class=\"UMIStandard\"><span lang=\"EN-US\">Alle Inhalte auf dieser Website, mit Ausnahme von Links zu externen Seiten, sind Eigentum von UMI Europe nv.<o:p><\/o:p><\/span><\/p><p class=\"UMIStandard\"><span lang=\"EN-US\">Wir haften nicht f\u00fcr Verluste oder Sch\u00e4den, einschlie\u00dflich indirekter oder Folgesch\u00e4den, die sich aus der Nutzung dieser Website oder ihrer Inhalte entstehen. Dies beinhaltet den Verlust von Daten oder den Verlust von Gewinnen.<o:p><\/o:p><\/span><\/p><p class=\"UMIStandard\"><span lang=\"EN-US\">Diese Website kann Links zu Websites Dritter enthalten. Wir haben keine Kontrolle \u00fcber diese Websites und sind nicht f\u00fcr deren Inhalt oder Verf\u00fcgbarkeit verantwortlich. Links zu diesen Seiten bedeuten keine Billigung durch UMI Europe nv.<o:p><\/o:p><\/span><\/p><p class=\"UMIStandard\"><span lang=\"EN-US\">Alle geistigen Eigentumsrechte, wie das Logo von UMI Europe nv, der Markenname und der Inhalt der Website, sind Eigentum von UMI Europe nv oder den Parteien, die uns die Erlaubnis dazu erteilt haben. Der Inhalt dieser Website darf ohne unsere vorherige schriftliche Genehmigung nicht kopiert, verbreitet oder gespeichert werden.<o:p><\/o:p><\/span><\/p><p class=\"UMIStandard\"><span lang=\"EN-US\">Wir bem\u00fchen uns, die Website reibungslos am Laufen zu halten. Wir sind jedoch nicht verantwortlich f\u00fcr vor\u00fcbergehende Nichtverf\u00fcgbarkeit aufgrund technischer Probleme, die au\u00dferhalb unserer Kontrolle liegen.<o:p><\/o:p><\/span><\/p><p class=\"UMIStandard\"><span lang=\"EN-US\">Wir aktualisieren diese Website regelm\u00e4\u00dfig. Produktinformationen, Farbcodes, Verf\u00fcgbarkeit und andere Details k\u00f6nnen sich ohne vorherige Ank\u00fcndigung \u00e4ndern. Produktbilder stellen die tats\u00e4chlichen Artikel m\u00f6glicherweise nicht perfekt dar. F\u00fcr die aktuellsten Informationen und Produktmuster wenden Sie sich bitte an unser Verkaufsteam. Alle Verk\u00e4ufe unterliegen den Standardverkaufsbedingungen von UMI Europe nv, die auf Anfrage erh\u00e4ltlich sind. Dieser Haftungsausschluss ist Teil dieser Bedingungen. <o:p><\/o:p><\/span><\/p><p class=\"UMIStandard\"><span lang=\"EN-US\">Diese Informationen sind von unseren Allgemeinen Gesch\u00e4ftsbedingungen und unserer Datenschutzerkl\u00e4rung getrennt. Wir k\u00f6nnen diesen Text jederzeit \u00e4ndern.<o:p><\/o:p><\/span><\/p><p class=\"UMIStandard\"><i>&nbsp;<\/i><\/p><p>\n\n\n\n\n\n\n\n\n\n\n\n\n\n\n\n\n\n<\/p><p class=\"UMIStandard\"><i>Datum der letzten Aktualisierung: 17. Februar 2025<o:p><\/o:p><\/i><\/p>\t\t\t\t\t\t\t\t<\/div>\n\t\t\t\t<\/div>\n\t\t\t\t\t<\/div>\n\t\t\t\t<\/div>\n\t\t\t\t<\/div>","protected":false},"excerpt":{"rendered":"<p>DISCLAIMER Important information about the use of our website We&#8217;ve created this website to provide you with helpful information about our products and services. We do our best to ensure everything is accurate and up-to-date, but information can change. Therefore, we can&#8217;t make any guarantees about the completeness, accuracy, reliability, suitability, or availability of the [&hellip;]<\/p>\n","protected":false},"author":3,"featured_media":0,"parent":0,"menu_order":0,"comment_status":"closed","ping_status":"closed","template":"","meta":{"footnotes":""},"class_list":["post-1443","page","type-page","status-publish","hentry"],"_links":{"self":[{"href":"https:\/\/umi-europe.com\/de\/wp-json\/wp\/v2\/pages\/1443","targetHints":{"allow":["GET"]}}],"collection":[{"href":"https:\/\/umi-europe.com\/de\/wp-json\/wp\/v2\/pages"}],"about":[{"href":"https:\/\/umi-europe.com\/de\/wp-json\/wp\/v2\/types\/page"}],"author":[{"embeddable":true,"href":"https:\/\/umi-europe.com\/de\/wp-json\/wp\/v2\/users\/3"}],"replies":[{"embeddable":true,"href":"https:\/\/umi-europe.com\/de\/wp-json\/wp\/v2\/comments?post=1443"}],"version-history":[{"count":3,"href":"https:\/\/umi-europe.com\/de\/wp-json\/wp\/v2\/pages\/1443\/revisions"}],"predecessor-version":[{"id":1446,"href":"https:\/\/umi-europe.com\/de\/wp-json\/wp\/v2\/pages\/1443\/revisions\/1446"}],"wp:attachment":[{"href":"https:\/\/umi-europe.com\/de\/wp-json\/wp\/v2\/media?parent=1443"}],"curies":[{"name":"wp","href":"https:\/\/api.w.org\/{rel}","templated":true}]}}